{"id":843,"date":"2020-04-04T04:18:42","date_gmt":"2020-04-04T08:36:20","guid":{"rendered":"https:\/\/aspirateurwestisland.rolladmedia.com\/products\/cycleen-interceptor-series\/"},"modified":"2020-04-04T04:36:30","modified_gmt":"2020-04-04T08:36:30","slug":"cycleen-interceptor-series","status":"publish","type":"product","link":"https:\/\/aspirateurwestisland.com\/fr\/produits\/cycleen-interceptor-series\/","title":{"rendered":"Cycleen Interceptor series"},"content":{"rendered":"","protected":false},"excerpt":{"rendered":"<p>Le Cycleen Interceptor FPI-12 en Acier Inox&#8230; La bonne solution pour vos besoins de nettoyage industriel et de r\u00e9cup\u00e9ration de mat\u00e9riaux! Que ce soit pour \u00e9conomiser de l&rsquo;argent sur le nombre de sacs que vous utilisez pour \u00e9liminer la salet\u00e9 et les d\u00e9bris ind\u00e9sirables. OU &#8230; pour obtenir un acc\u00e8s sans souci aux mat\u00e9riaux que vous venez de collecter \u00e0 des fins de tri et de recyclage.<\/p>\n<p>L&rsquo;intercepteur Cycleen FPI-12 fera le bon travail avec sa technologie centrifuge \u00e0 double c\u00f4ne. Il \u00e9vite que votre moteur ne s&rsquo;\u00e9touffe avec de la poussi\u00e8re incrust\u00e9e. Parce qu&rsquo;il arr\u00eate et saisit les particules avant qu&rsquo;elles n&rsquo;atteignent vos filtres et les laisse tomber dans le r\u00e9ceptacle avec les autres mat\u00e9riaux.<\/p>\n<p>Le Cycleen Interceptor FPI-12 est un accessoire qui peut \u00eatre utilis\u00e9 avec tous les types d&rsquo;aspirateurs commerciaux, industriels ou centraux.<\/p>\n","protected":false},"featured_media":704,"comment_status":"closed","ping_status":"closed","template":"","meta":[],"product_brand":[61],"product_cat":[52],"product_tag":[],"class_list":{"0":"post-843","1":"product","2":"type-product","3":"status-publish","4":"has-post-thumbnail","6":"product_brand-aspirateur-central-cycleen-fr","7":"product_designed_for-carreaux-de-ceramique","8":"product_designed_for-tapis","9":"product_industry-commercial-fr","10":"product_industry-residential-fr","11":"product_cat-aspirateurs-centraux","13":"first","14":"instock","15":"taxable","16":"shipping-taxable","17":"purchasable","18":"product-type-variable"},"_links":{"self":[{"href":"https:\/\/aspirateurwestisland.com\/fr\/wp-json\/wp\/v2\/product\/843","targetHints":{"allow":["GET"]}}],"collection":[{"href":"https:\/\/aspirateurwestisland.com\/fr\/wp-json\/wp\/v2\/product"}],"about":[{"href":"https:\/\/aspirateurwestisland.com\/fr\/wp-json\/wp\/v2\/types\/product"}],"replies":[{"embeddable":true,"href":"https:\/\/aspirateurwestisland.com\/fr\/wp-json\/wp\/v2\/comments?post=843"}],"wp:featuredmedia":[{"embeddable":true,"href":"https:\/\/aspirateurwestisland.com\/fr\/wp-json\/wp\/v2\/media\/704"}],"wp:attachment":[{"href":"https:\/\/aspirateurwestisland.com\/fr\/wp-json\/wp\/v2\/media?parent=843"}],"wp:term":[{"taxonomy":"product_brand","embeddable":true,"href":"https:\/\/aspirateurwestisland.com\/fr\/wp-json\/wp\/v2\/product_brand?post=843"},{"taxonomy":"product_cat","embeddable":true,"href":"https:\/\/aspirateurwestisland.com\/fr\/wp-json\/wp\/v2\/product_cat?post=843"},{"taxonomy":"product_tag","embeddable":true,"href":"https:\/\/aspirateurwestisland.com\/fr\/wp-json\/wp\/v2\/product_tag?post=843"}],"curies":[{"name":"wp","href":"https:\/\/api.w.org\/{rel}","templated":true}]}}