{"id":842,"date":"2020-04-04T04:18:42","date_gmt":"2020-04-04T08:36:20","guid":{"rendered":"https:\/\/aspirateurwestisland.rolladmedia.com\/products\/cycleen-chromium-series\/"},"modified":"2020-07-09T17:14:54","modified_gmt":"2020-07-09T21:14:54","slug":"cycleen-chromium-series","status":"publish","type":"product","link":"https:\/\/aspirateurwestisland.com\/fr\/produits\/cycleen-chromium-series\/","title":{"rendered":"Cycleen Chromium 1000SS \/ 2000SS"},"content":{"rendered":"<h3 class=\"widget-title\">CARACT\u00c9RISTIQUES<\/h3>\n<ul>\n<li>Une garantie \u00e0 vie perpetuelle<\/li>\n<li>Un simple ou double &#8211; moteur pour livrer une puissance maximale \u00e0 votre ch\u00e2teau<\/li>\n<li>Un filtre exclusif GEO- TEXTILE pour aider \u00e0 prot\u00e9ger le moteur et votre environement<\/li>\n<li>Un syst\u00e8me d&rsquo;auto- refroidissement<\/li>\n<li>L&rsquo;option de l&rsquo;utiliser avec ou sans le sac jetable<\/li>\n<\/ul>\n<h3>D\u00c9TAILS TECHNIQUES<\/h3>\n<table class=\"table table-hover\">\n<tbody>\n<tr>\n<td>mod\u00e8le<\/td>\n<td>1000SS \/ 2000SS<\/td>\n<\/tr>\n<tr>\n<td>Fate en<\/td>\n<td>Acier Inoxydable<\/td>\n<\/tr>\n<tr>\n<td>Width<\/td>\n<td>30.5cm (12&Prime;)<\/td>\n<\/tr>\n<tr>\n<td>Height<\/td>\n<td>94cm (37&Prime;)<\/td>\n<\/tr>\n<tr>\n<td>Fan stages<\/td>\n<td>2 \/ 4<\/td>\n<\/tr>\n<tr>\n<td>Peak air watts<\/td>\n<td>528 \/ 1200<\/td>\n<\/tr>\n<tr>\n<td>Configuration<\/td>\n<td>5.7&Prime; tangential pass<\/td>\n<\/tr>\n<tr>\n<td>Bearing system<\/td>\n<td>8mm<\/td>\n<\/tr>\n<tr>\n<td>Voltage<\/td>\n<td>120v (1 x 15amp) \/ 120v (2 x 15amp)<\/td>\n<\/tr>\n<tr>\n<td>Sealed H2O<\/td>\n<td>128&Prime; \/ 220&Prime;+<\/td>\n<\/tr>\n<tr>\n<td>CFM<\/td>\n<td>115<\/td>\n<\/tr>\n<tr>\n<td>Dirt capacity<\/td>\n<td>20L<\/td>\n<\/tr>\n<tr>\n<td>Fan system<\/td>\n<td>AWS<\/td>\n<\/tr>\n<\/tbody>\n<\/table>\n","protected":false},"excerpt":{"rendered":"<p>Enfin un aspirateur central con\u00e7u avec vous, le consommateur soucieux de la qualit\u00e9. Le puissant et durable <strong> Cycleen Chromium 1000SS \/ 2000SS <\/strong> offre une garantie perp\u00e9tuelle a vie, ils sont fabriqu\u00e9s localement et ajoute de la valeur a votre r\u00e9sidence. En mati\u00e8re de filtration, nous mettons nos machines \u00e0 l&rsquo;\u00e9preuve! Filtration de <strong> 99,64 % @ .5 microns <\/strong> , la salet\u00e9 et la poussi\u00e8re est captur\u00e9 et mis en sac pour de bon. Ceci previent les poussi\u00e8re ind\u00e9sirables de recirculer dans votre maison.<\/p>\n","protected":false},"featured_media":687,"comment_status":"closed","ping_status":"closed","template":"","meta":[],"product_brand":[61],"product_cat":[52],"product_tag":[],"class_list":{"0":"post-842","1":"product","2":"type-product","3":"status-publish","4":"has-post-thumbnail","6":"product_brand-aspirateur-central-cycleen-fr","7":"product_designed_for-carreaux-de-ceramique","8":"product_designed_for-tapis","9":"product_industry-commercial-fr","10":"product_industry-residential-fr","11":"product_cat-aspirateurs-centraux","13":"first","14":"instock","15":"taxable","16":"shipping-taxable","17":"purchasable","18":"product-type-variable"},"_links":{"self":[{"href":"https:\/\/aspirateurwestisland.com\/fr\/wp-json\/wp\/v2\/product\/842","targetHints":{"allow":["GET"]}}],"collection":[{"href":"https:\/\/aspirateurwestisland.com\/fr\/wp-json\/wp\/v2\/product"}],"about":[{"href":"https:\/\/aspirateurwestisland.com\/fr\/wp-json\/wp\/v2\/types\/product"}],"replies":[{"embeddable":true,"href":"https:\/\/aspirateurwestisland.com\/fr\/wp-json\/wp\/v2\/comments?post=842"}],"wp:featuredmedia":[{"embeddable":true,"href":"https:\/\/aspirateurwestisland.com\/fr\/wp-json\/wp\/v2\/media\/687"}],"wp:attachment":[{"href":"https:\/\/aspirateurwestisland.com\/fr\/wp-json\/wp\/v2\/media?parent=842"}],"wp:term":[{"taxonomy":"product_brand","embeddable":true,"href":"https:\/\/aspirateurwestisland.com\/fr\/wp-json\/wp\/v2\/product_brand?post=842"},{"taxonomy":"product_cat","embeddable":true,"href":"https:\/\/aspirateurwestisland.com\/fr\/wp-json\/wp\/v2\/product_cat?post=842"},{"taxonomy":"product_tag","embeddable":true,"href":"https:\/\/aspirateurwestisland.com\/fr\/wp-json\/wp\/v2\/product_tag?post=842"}],"curies":[{"name":"wp","href":"https:\/\/api.w.org\/{rel}","templated":true}]}}