{"id":841,"date":"2020-04-04T04:18:42","date_gmt":"2020-04-04T08:36:20","guid":{"rendered":"https:\/\/aspirateurwestisland.rolladmedia.com\/products\/cycleen-strata-650ss\/"},"modified":"2020-07-09T17:14:16","modified_gmt":"2020-07-09T21:14:16","slug":"cycleen-strata-650ss","status":"publish","type":"product","link":"https:\/\/aspirateurwestisland.com\/fr\/produits\/cycleen-strata-650ss\/","title":{"rendered":"Cycleen Strata 650SS"},"content":{"rendered":"<h3 class=\"widget-title\">CARACT\u00c9RISTIQUES<\/h3>\n<ul>\n<li>Une garantie \u00e0 vie<\/li>\n<\/ul>\n<h3>D\u00c9TAILS TECHNIQUES<\/h3>\n<table class=\"table table-hover\">\n<tbody>\n<tr>\n<td>Fait en<\/td>\n<td>Acier Inoxydable<\/td>\n<\/tr>\n<tr>\n<td>Largeur<\/td>\n<td>30.5cm (12&Prime;)<\/td>\n<\/tr>\n<tr>\n<td>Hauteur<\/td>\n<td>55.9cm (22&Prime;)<\/td>\n<\/tr>\n<tr>\n<td>Stages de Moteur<\/td>\n<td>2<\/td>\n<\/tr>\n<tr>\n<td>Air watts<\/td>\n<td>650<\/td>\n<\/tr>\n<tr>\n<td>Configuration<\/td>\n<td>5.7&Prime; Thruflow Protection Thermale<\/td>\n<\/tr>\n<tr>\n<td>Bearing system<\/td>\n<td>8mm (2)<\/td>\n<\/tr>\n<tr>\n<td>Voltage<\/td>\n<td>120<\/td>\n<\/tr>\n<tr>\n<td>Sealed H2O<\/td>\n<td>143.1&Prime;<\/td>\n<\/tr>\n<tr>\n<td>CFM<\/td>\n<td>130.2<\/td>\n<\/tr>\n<tr>\n<td>Fan system<\/td>\n<td>Double-tapered fans AWS<\/td>\n<\/tr>\n<\/tbody>\n<\/table>\n","protected":false},"excerpt":{"rendered":"<p>R\u00e9duisez le temps de nettoyage avec le puissant, silencieux , compact et facile \u00e0 entretenir <strong> Cycleen Strata 650SS <\/strong>. Il arbore une garantie \u00e0 vie et elle est fabriqu\u00e9 localement en <strong>acier inoxidable<\/strong> Elu meilleur dans la satisfaction du client !<\/p>\n<p>En mati\u00e8re de filtration, nous mettons nos machines \u00e0 l&rsquo;\u00e9preuve! Avec un remarquable <strong> 99,64 % @ .5 microns <\/strong> , la salet\u00e9 et la poussi\u00e8re est captur\u00e9 et mis en sac pour emp\u00eacher la poussi\u00e8re ind\u00e9sirable dans votre environement.<\/p>\n","protected":false},"featured_media":690,"comment_status":"closed","ping_status":"closed","template":"","meta":[],"product_brand":[61],"product_cat":[52],"product_tag":[],"class_list":{"0":"post-841","1":"product","2":"type-product","3":"status-publish","4":"has-post-thumbnail","6":"product_brand-aspirateur-central-cycleen-fr","7":"product_designed_for-carreaux-de-ceramique","8":"product_designed_for-literie","9":"product_designed_for-tapis","10":"product_industry-commercial-fr","11":"product_industry-residential-fr","12":"product_cat-aspirateurs-centraux","14":"first","15":"instock","16":"taxable","17":"shipping-taxable","18":"purchasable","19":"product-type-simple"},"_links":{"self":[{"href":"https:\/\/aspirateurwestisland.com\/fr\/wp-json\/wp\/v2\/product\/841","targetHints":{"allow":["GET"]}}],"collection":[{"href":"https:\/\/aspirateurwestisland.com\/fr\/wp-json\/wp\/v2\/product"}],"about":[{"href":"https:\/\/aspirateurwestisland.com\/fr\/wp-json\/wp\/v2\/types\/product"}],"replies":[{"embeddable":true,"href":"https:\/\/aspirateurwestisland.com\/fr\/wp-json\/wp\/v2\/comments?post=841"}],"wp:featuredmedia":[{"embeddable":true,"href":"https:\/\/aspirateurwestisland.com\/fr\/wp-json\/wp\/v2\/media\/690"}],"wp:attachment":[{"href":"https:\/\/aspirateurwestisland.com\/fr\/wp-json\/wp\/v2\/media?parent=841"}],"wp:term":[{"taxonomy":"product_brand","embeddable":true,"href":"https:\/\/aspirateurwestisland.com\/fr\/wp-json\/wp\/v2\/product_brand?post=841"},{"taxonomy":"product_cat","embeddable":true,"href":"https:\/\/aspirateurwestisland.com\/fr\/wp-json\/wp\/v2\/product_cat?post=841"},{"taxonomy":"product_tag","embeddable":true,"href":"https:\/\/aspirateurwestisland.com\/fr\/wp-json\/wp\/v2\/product_tag?post=841"}],"curies":[{"name":"wp","href":"https:\/\/api.w.org\/{rel}","templated":true}]}}