{"id":825,"date":"2020-04-04T04:18:42","date_gmt":"2020-04-04T08:34:29","guid":{"rendered":"https:\/\/aspirateurwestisland.rolladmedia.com\/products\/cycleen-gold-kit\/"},"modified":"2020-05-09T14:32:36","modified_gmt":"2020-05-09T18:32:36","slug":"kit-accessoires-aspirateur-central-cycleen-or","status":"publish","type":"product","link":"https:\/\/aspirateurwestisland.com\/fr\/produits\/kit-accessoires-aspirateur-central-cycleen-or\/","title":{"rendered":"Kit Accessoires Aspirateur Central CyCleen \u00ab\u00a0Or\u00a0\u00bb"},"content":{"rendered":"<h3 class=\"widget-title\">ACCESSOIRES INCLUS<\/h3>\n<ul>\n<li>Brosse \u00e0 plancher 12\u2033<\/li>\n<li>Outil \u00e0 Coin<\/li>\n<li>Outil \u00e0 divans<\/li>\n<li>Brosse \u00e0 \u00e9pousetter<\/li>\n<li>Support \u00e0 Boyau<\/li>\n<li>Pochette en Vinyl pour storage des outils<\/li>\n<li>Tube T\u00e9lescopique en acier chrome<\/li>\n<li>Balai \u00e9lectrique haute performance SEBO courroie \u00e0 engrenages en fibre avec tubes chrome<\/li>\n<\/ul>\n<h3 class=\"widget-title\">CARACT\u00c9RISTIQUES<\/h3>\n<ul>\n<li>courroie \u00e0 engrenages en fibre<\/li>\n<li>Systeme \u00e9lectronique protege moteur<\/li>\n<li>Balai en forme de \u00ab\u00a0L\u00a0\u00bb et 15&Prime; de large<\/li>\n<li>Boyau flexible \u00e9lectrique r\u00e9sistant \u00e0 l\u2019\u00e9crasement avec controle arr\u00eat \/ d\u00e9part \u00e0 distance<\/li>\n<li>Tube t\u00e9lescopique avec brosse \u00e0 plancher 12\u2033, poils doux pour un nettoyage sans \u00e9gratignure<\/li>\n<\/ul>\n<\/div>\n<aside class=\"widget product-tech-details\">\n<h3 class=\"widget-title\">D\u00c9TAILS TECHNIQUES<\/h3>\n<table class=\"table table-hover\">\n<tbody>\n<tr>\n<td>Garantie<\/td>\n<td>5-Ans<\/td>\n<\/tr>\n<\/tbody>\n<\/table>\n","protected":false},"excerpt":{"rendered":"[lead]kit d&rsquo;accessoires aspirateurs central CyCleen \u00ab\u00a0Or\u00a0\u00bb offre un ensemble robuste de fonctionnalit\u00e9s et accessoires qui peuvent vous aider \u00e0 attaquer \u00e0 toutes les situations de nettoyage possible que vous lui lancez. Id\u00e9al pour le poils d&rsquo;animals, C&rsquo;est le standard en OR![\/lead]\n","protected":false},"featured_media":755,"comment_status":"closed","ping_status":"closed","template":"","meta":[],"product_brand":[61],"product_cat":[52],"product_tag":[],"class_list":{"0":"post-825","1":"product","2":"type-product","3":"status-publish","4":"has-post-thumbnail","6":"product_brand-aspirateur-central-cycleen-fr","7":"product_designed_for-carreaux-de-ceramique","8":"product_designed_for-literie","9":"product_designed_for-tapis","10":"product_industry-commercial-fr","11":"product_industry-residential-fr","12":"product_cat-aspirateurs-centraux","14":"first","15":"instock","16":"taxable","17":"shipping-taxable","18":"purchasable","19":"product-type-variable"},"_links":{"self":[{"href":"https:\/\/aspirateurwestisland.com\/fr\/wp-json\/wp\/v2\/product\/825","targetHints":{"allow":["GET"]}}],"collection":[{"href":"https:\/\/aspirateurwestisland.com\/fr\/wp-json\/wp\/v2\/product"}],"about":[{"href":"https:\/\/aspirateurwestisland.com\/fr\/wp-json\/wp\/v2\/types\/product"}],"replies":[{"embeddable":true,"href":"https:\/\/aspirateurwestisland.com\/fr\/wp-json\/wp\/v2\/comments?post=825"}],"wp:featuredmedia":[{"embeddable":true,"href":"https:\/\/aspirateurwestisland.com\/fr\/wp-json\/wp\/v2\/media\/755"}],"wp:attachment":[{"href":"https:\/\/aspirateurwestisland.com\/fr\/wp-json\/wp\/v2\/media?parent=825"}],"wp:term":[{"taxonomy":"product_brand","embeddable":true,"href":"https:\/\/aspirateurwestisland.com\/fr\/wp-json\/wp\/v2\/product_brand?post=825"},{"taxonomy":"product_cat","embeddable":true,"href":"https:\/\/aspirateurwestisland.com\/fr\/wp-json\/wp\/v2\/product_cat?post=825"},{"taxonomy":"product_tag","embeddable":true,"href":"https:\/\/aspirateurwestisland.com\/fr\/wp-json\/wp\/v2\/product_tag?post=825"}],"curies":[{"name":"wp","href":"https:\/\/api.w.org\/{rel}","templated":true}]}}